{"id":92,"date":"2025-06-19T06:36:20","date_gmt":"2025-06-19T06:36:20","guid":{"rendered":"https:\/\/partypass.org\/?page_id=92"},"modified":"2025-07-28T11:39:22","modified_gmt":"2025-07-28T11:39:22","slug":"contact-us","status":"publish","type":"page","link":"https:\/\/partypass.org\/de\/contact-us\/","title":{"rendered":"Kontakt"},"content":{"rendered":"<style>.elementor-92 .elementor-element.elementor-element-61d0efc9:not(.elementor-motion-effects-element-type-background), .elementor-92 .elementor-element.elementor-element-61d0efc9 > .elementor-motion-effects-container > .elementor-motion-effects-layer{background-image:url(\"https:\/\/partypass.org\/wp-content\/uploads\/2025\/06\/people-partying-at-a-concert-1.jpg\");background-position:center center;background-repeat:no-repeat;background-size:cover;}.elementor-92 .elementor-element.elementor-element-61d0efc9 > .elementor-background-overlay{background-color:var( --e-global-color-8aab09d );opacity:0.6;transition:background 0.3s, border-radius 0.3s, opacity 0.3s;}.elementor-92 .elementor-element.elementor-element-61d0efc9{transition:background 0.3s, border 0.3s, border-radius 0.3s, box-shadow 0.3s;padding:250px 0px 150px 0px;}.elementor-92 .elementor-element.elementor-element-2773919e{text-align:center;}.elementor-92 .elementor-element.elementor-element-2773919e .elementor-heading-title{color:var( --e-global-color-4fa9897 );}.elementor-92 .elementor-element.elementor-element-3b6f1c67 .elementor-icon-list-items:not(.elementor-inline-items) .elementor-icon-list-item:not(:last-child){padding-block-end:calc(10px\/2);}.elementor-92 .elementor-element.elementor-element-3b6f1c67 .elementor-icon-list-items:not(.elementor-inline-items) .elementor-icon-list-item:not(:first-child){margin-block-start:calc(10px\/2);}.elementor-92 .elementor-element.elementor-element-3b6f1c67 .elementor-icon-list-items.elementor-inline-items .elementor-icon-list-item{margin-inline:calc(10px\/2);}.elementor-92 .elementor-element.elementor-element-3b6f1c67 .elementor-icon-list-items.elementor-inline-items{margin-inline:calc(-10px\/2);}.elementor-92 .elementor-element.elementor-element-3b6f1c67 .elementor-icon-list-items.elementor-inline-items .elementor-icon-list-item:after{inset-inline-end:calc(-10px\/2);}.elementor-92 .elementor-element.elementor-element-3b6f1c67 .elementor-icon-list-icon i{color:var( --e-global-color-primary );transition:color 0.3s;}.elementor-92 .elementor-element.elementor-element-3b6f1c67 .elementor-icon-list-icon svg{fill:var( --e-global-color-primary );transition:fill 0.3s;}.elementor-92 .elementor-element.elementor-element-3b6f1c67{--e-icon-list-icon-size:14px;--icon-vertical-offset:0px;}.elementor-92 .elementor-element.elementor-element-3b6f1c67 .elementor-icon-list-icon{padding-inline-end:10px;}.elementor-92 .elementor-element.elementor-element-3b6f1c67 .elementor-icon-list-item > .elementor-icon-list-text, .elementor-92 .elementor-element.elementor-element-3b6f1c67 .elementor-icon-list-item > a{font-family:var( --e-global-typography-text-font-family ), Sans-serif;font-size:var( --e-global-typography-text-font-size );font-weight:var( --e-global-typography-text-font-weight );line-height:var( --e-global-typography-text-line-height );}.elementor-92 .elementor-element.elementor-element-3b6f1c67 .elementor-icon-list-text{color:var( --e-global-color-4fa9897 );transition:color 0.3s;}.elementor-92 .elementor-element.elementor-element-7834111{--display:flex;}.elementor-92 .elementor-element.elementor-element-f45645b > .elementor-widget-container{margin:0px 0px 0px 0px;}.elementor-92 .elementor-element.elementor-element-f45645b .jeg-elementor-kit.jkit-heading{text-align:center;}.elementor-92 .elementor-element.elementor-element-f45645b .jeg-elementor-kit.jkit-heading .heading-title{font-family:var( --e-global-typography-primary-font-family ), Sans-serif;font-size:var( --e-global-typography-primary-font-size );font-weight:var( --e-global-typography-primary-font-weight );line-height:var( --e-global-typography-primary-line-height );color:var( --e-global-color-8aab09d );}.elementor-92 .elementor-element.elementor-element-f45645b .jeg-elementor-kit.jkit-heading .heading-section-title{margin:0px 0px 20px 0px;}.elementor-92 .elementor-element.elementor-element-f45645b .jeg-elementor-kit.jkit-heading .heading-section-subtitle{color:var( --e-global-color-primary );font-family:var( --e-global-typography-26a8789-font-family ), Sans-serif;font-size:var( --e-global-typography-26a8789-font-size );font-weight:var( --e-global-typography-26a8789-font-weight );line-height:var( --e-global-typography-26a8789-line-height );}.elementor-92 .elementor-element.elementor-element-f45645b .jeg-elementor-kit.jkit-heading .heading-section-description{color:var( --e-global-color-text );font-family:var( --e-global-typography-text-font-family ), Sans-serif;font-size:var( --e-global-typography-text-font-size );font-weight:var( --e-global-typography-text-font-weight );line-height:var( --e-global-typography-text-line-height );}.elementor-92 .elementor-element.elementor-element-253efb34 > .elementor-container{max-width:750px;}.elementor-92 .elementor-element.elementor-element-253efb34{padding:50px 0px 50px 0px;}.elementor-bc-flex-widget .elementor-92 .elementor-element.elementor-element-2f01bd1b.elementor-column .elementor-widget-wrap{align-items:center;}.elementor-92 .elementor-element.elementor-element-2f01bd1b.elementor-column.elementor-element[data-element_type=\"column\"] > .elementor-widget-wrap.elementor-element-populated{align-content:center;align-items:center;}.elementor-92 .elementor-element.elementor-element-2f01bd1b.elementor-column > .elementor-widget-wrap{justify-content:center;}.elementor-92 .elementor-element.elementor-element-2f01bd1b > .elementor-element-populated, .elementor-92 .elementor-element.elementor-element-2f01bd1b > .elementor-element-populated > .elementor-background-overlay, .elementor-92 .elementor-element.elementor-element-2f01bd1b > .elementor-background-slideshow{border-radius:6px 6px 6px 6px;}.elementor-92 .elementor-element.elementor-element-2f01bd1b > .elementor-element-populated{box-shadow:0px 5px 20px 0px rgba(0, 0, 0, 0.1);padding:20px 20px 20px 20px;}.elementor-92 .elementor-element.elementor-element-45325a9 .elementor-field-group{padding-right:calc( 10px\/2 );padding-left:calc( 10px\/2 );margin-bottom:40px;}.elementor-92 .elementor-element.elementor-element-45325a9 .elementor-form-fields-wrapper{margin-left:calc( -10px\/2 );margin-right:calc( -10px\/2 );margin-bottom:-40px;}.elementor-92 .elementor-element.elementor-element-45325a9 .elementor-field-group.recaptcha_v3-bottomleft, .elementor-92 .elementor-element.elementor-element-45325a9 .elementor-field-group.recaptcha_v3-bottomright{margin-bottom:0;}body.rtl .elementor-92 .elementor-element.elementor-element-45325a9 .elementor-labels-inline .elementor-field-group > label{padding-left:0px;}body:not(.rtl) .elementor-92 .elementor-element.elementor-element-45325a9 .elementor-labels-inline .elementor-field-group > label{padding-right:0px;}body .elementor-92 .elementor-element.elementor-element-45325a9 .elementor-labels-above .elementor-field-group > label{padding-bottom:0px;}.elementor-92 .elementor-element.elementor-element-45325a9 .elementor-field-type-html{padding-bottom:0px;}.elementor-92 .elementor-element.elementor-element-45325a9 .elementor-field-group .elementor-field:not(.elementor-select-wrapper){background-color:#ffffff;}.elementor-92 .elementor-element.elementor-element-45325a9 .elementor-field-group .elementor-select-wrapper select{background-color:#ffffff;}.elementor-92 .elementor-element.elementor-element-45325a9 .e-form__buttons__wrapper__button-next{color:#ffffff;}.elementor-92 .elementor-element.elementor-element-45325a9 .elementor-button[type=\"submit\"]{color:#ffffff;}.elementor-92 .elementor-element.elementor-element-45325a9 .elementor-button[type=\"submit\"] svg *{fill:#ffffff;}.elementor-92 .elementor-element.elementor-element-45325a9 .e-form__buttons__wrapper__button-previous{color:#ffffff;}.elementor-92 .elementor-element.elementor-element-45325a9 .e-form__buttons__wrapper__button-next:hover{color:#ffffff;}.elementor-92 .elementor-element.elementor-element-45325a9 .elementor-button[type=\"submit\"]:hover{color:#ffffff;}.elementor-92 .elementor-element.elementor-element-45325a9 .elementor-button[type=\"submit\"]:hover svg *{fill:#ffffff;}.elementor-92 .elementor-element.elementor-element-45325a9 .e-form__buttons__wrapper__button-previous:hover{color:#ffffff;}.elementor-92 .elementor-element.elementor-element-45325a9{--e-form-steps-indicators-spacing:20px;--e-form-steps-indicator-padding:30px;--e-form-steps-indicator-inactive-secondary-color:#ffffff;--e-form-steps-indicator-active-secondary-color:#ffffff;--e-form-steps-indicator-completed-secondary-color:#ffffff;--e-form-steps-divider-width:1px;--e-form-steps-divider-gap:10px;}@media(max-width:1024px) and (min-width:768px){.elementor-92 .elementor-element.elementor-element-2f01bd1b{width:100%;}}@media(max-width:1024px){.elementor-92 .elementor-element.elementor-element-3b6f1c67 .elementor-icon-list-item > .elementor-icon-list-text, .elementor-92 .elementor-element.elementor-element-3b6f1c67 .elementor-icon-list-item > a{font-size:var( --e-global-typography-text-font-size );line-height:var( --e-global-typography-text-line-height );}.elementor-92 .elementor-element.elementor-element-f45645b .jeg-elementor-kit.jkit-heading .heading-title{font-size:var( --e-global-typography-primary-font-size );line-height:var( --e-global-typography-primary-line-height );}.elementor-92 .elementor-element.elementor-element-f45645b .jeg-elementor-kit.jkit-heading .heading-section-subtitle{font-size:var( --e-global-typography-26a8789-font-size );line-height:var( --e-global-typography-26a8789-line-height );}.elementor-92 .elementor-element.elementor-element-f45645b .jeg-elementor-kit.jkit-heading .heading-section-description{font-size:var( --e-global-typography-text-font-size );line-height:var( --e-global-typography-text-line-height );}.elementor-92 .elementor-element.elementor-element-253efb34{margin-top:0px;margin-bottom:0px;padding:0px 0px 0px 0px;}.elementor-92 .elementor-element.elementor-element-2f01bd1b > .elementor-element-populated{margin:0px 20px 0px 20px;--e-column-margin-right:20px;--e-column-margin-left:20px;padding:0px 0px 0px 0px;}}@media(max-width:767px){.elementor-92 .elementor-element.elementor-element-3b6f1c67 .elementor-icon-list-item > .elementor-icon-list-text, .elementor-92 .elementor-element.elementor-element-3b6f1c67 .elementor-icon-list-item > a{font-size:var( --e-global-typography-text-font-size );line-height:var( --e-global-typography-text-line-height );}.elementor-92 .elementor-element.elementor-element-f45645b .jeg-elementor-kit.jkit-heading .heading-title{font-size:var( --e-global-typography-primary-font-size );line-height:var( --e-global-typography-primary-line-height );}.elementor-92 .elementor-element.elementor-element-f45645b .jeg-elementor-kit.jkit-heading .heading-section-subtitle{font-size:var( --e-global-typography-26a8789-font-size );line-height:var( --e-global-typography-26a8789-line-height );}.elementor-92 .elementor-element.elementor-element-f45645b .jeg-elementor-kit.jkit-heading .heading-section-description{font-size:var( --e-global-typography-text-font-size );line-height:var( --e-global-typography-text-line-height );}.elementor-92 .elementor-element.elementor-element-253efb34{margin-top:0px;margin-bottom:0px;padding:0px 0px 0px 0px;}}@media(min-width:1025px){.elementor-92 .elementor-element.elementor-element-61d0efc9:not(.elementor-motion-effects-element-type-background), .elementor-92 .elementor-element.elementor-element-61d0efc9 > .elementor-motion-effects-container > .elementor-motion-effects-layer{background-attachment:scroll;}}<\/style>\t\t<div data-elementor-type=\"wp-page\" data-elementor-id=\"92\" class=\"elementor elementor-92\" data-elementor-post-type=\"page\">\n\t\t\t\t\t\t<section class=\"elementor-section elementor-top-section elementor-element elementor-element-61d0efc9 elementor-section-boxed elementor-section-height-default elementor-section-height-default\" data-id=\"61d0efc9\" data-element_type=\"section\" data-settings=\"{&quot;background_background&quot;:&quot;classic&quot;}\">\n\t\t\t\t\t\t\t<div class=\"elementor-background-overlay\"><\/div>\n\t\t\t\t\t\t\t<div class=\"elementor-container elementor-column-gap-default\">\n\t\t\t\t\t<div class=\"elementor-column elementor-col-100 elementor-top-column elementor-element elementor-element-4d2f7211\" data-id=\"4d2f7211\" data-element_type=\"column\">\n\t\t\t<div class=\"elementor-widget-wrap elementor-element-populated\">\n\t\t\t\t\t\t<div class=\"elementor-element elementor-element-2773919e elementor-widget elementor-widget-heading\" data-id=\"2773919e\" data-element_type=\"widget\" data-widget_type=\"heading.default\">\n\t\t\t\t<div class=\"elementor-widget-container\">\n\t\t\t\t\t<h2 class=\"elementor-heading-title elementor-size-default\">Kontakt<\/h2>\t\t\t\t<\/div>\n\t\t\t\t<\/div>\n\t\t\t\t<div class=\"elementor-element elementor-element-3b6f1c67 elementor-icon-list--layout-inline elementor-align-center elementor-list-item-link-full_width elementor-invisible elementor-widget elementor-widget-icon-list\" data-id=\"3b6f1c67\" data-element_type=\"widget\" data-settings=\"{&quot;_animation&quot;:&quot;fadeIn&quot;,&quot;_animation_delay&quot;:&quot;200&quot;}\" data-widget_type=\"icon-list.default\">\n\t\t\t\t<div class=\"elementor-widget-container\">\n\t\t\t\t\t\t\t<ul class=\"elementor-icon-list-items elementor-inline-items\">\n\t\t\t\t\t\t\t<li class=\"elementor-icon-list-item elementor-inline-item\">\n\t\t\t\t\t\t\t\t\t\t<span class=\"elementor-icon-list-text\">Startseite<\/span>\n\t\t\t\t\t\t\t\t\t<\/li>\n\t\t\t\t\t\t\t\t<li class=\"elementor-icon-list-item elementor-inline-item\">\n\t\t\t\t\t\t\t\t\t\t\t<span class=\"elementor-icon-list-icon\">\n\t\t\t\t\t\t\t<svg aria-hidden=\"true\" class=\"e-font-icon-svg e-fas-chevron-right\" viewbox=\"0 0 320 512\" xmlns=\"http:\/\/www.w3.org\/2000\/svg\"><path d=\"M285.476 272.971L91.132 467.314c-9.373 9.373-24.569 9.373-33.941 0l-22.667-22.667c-9.357-9.357-9.375-24.522-.04-33.901L188.505 256 34.484 101.255c-9.335-9.379-9.317-24.544.04-33.901l22.667-22.667c9.373-9.373 24.569-9.373 33.941 0L285.475 239.03c9.373 9.372 9.373 24.568.001 33.941z\"><\/path><\/svg>\t\t\t\t\t\t<\/span>\n\t\t\t\t\t\t\t\t\t\t<span class=\"elementor-icon-list-text\">Kontakt<\/span>\n\t\t\t\t\t\t\t\t\t<\/li>\n\t\t\t\t\t\t<\/ul>\n\t\t\t\t\t\t<\/div>\n\t\t\t\t<\/div>\n\t\t\t\t\t<\/div>\n\t\t<\/div>\n\t\t\t\t\t<\/div>\n\t\t<\/section>\n\t\t<div class=\"elementor-element elementor-element-7834111 e-flex e-con-boxed e-con e-parent\" data-id=\"7834111\" data-element_type=\"container\">\n\t\t\t\t\t<div class=\"e-con-inner\">\n\t\t\t\t<div class=\"elementor-element elementor-element-f45645b elementor-invisible elementor-widget elementor-widget-jkit_heading\" data-id=\"f45645b\" data-element_type=\"widget\" data-settings=\"{&quot;_animation&quot;:&quot;fadeInRight&quot;}\" data-widget_type=\"jkit_heading.default\">\n\t\t\t\t<div class=\"elementor-widget-container\">\n\t\t\t\t\t<div  class=\"jeg-elementor-kit jkit-heading  align-center align-tablet- align-mobile- jeg_module___69e3a13cc54e0\" ><h3 class=\"heading-section-subtitle  style-color\">Kontakt<\/h3><div class=\"heading-section-title  display-inline-block\"><h2 class=\"heading-title\">Nehmen Sie Kontakt mit uns auf<\/h2><\/div><div class=\"heading-section-description\"><p><span style=\"font-weight: 400\">Haben Sie Fragen, Feedback oder m\u00f6chten Sie mit uns zusammenarbeiten? Wir freuen uns, von Ihnen zu h\u00f6ren. F\u00fcllen Sie einfach unser Kontaktformular aus und wir melden uns schnellstm\u00f6glich bei Ihnen.<\/span><\/p><\/div><\/div>\t\t\t\t<\/div>\n\t\t\t\t<\/div>\n\t\t\t\t\t<\/div>\n\t\t\t\t<\/div>\n\t\t\t\t<section class=\"elementor-section elementor-top-section elementor-element elementor-element-253efb34 elementor-section-boxed elementor-section-height-default elementor-section-height-default\" data-id=\"253efb34\" data-element_type=\"section\">\n\t\t\t\t\t\t<div class=\"elementor-container elementor-column-gap-no\">\n\t\t\t\t\t<div class=\"elementor-column elementor-col-100 elementor-top-column elementor-element elementor-element-2f01bd1b elementor-invisible\" data-id=\"2f01bd1b\" data-element_type=\"column\" data-settings=\"{&quot;animation&quot;:&quot;fadeInLeft&quot;,&quot;animation_delay&quot;:200}\">\n\t\t\t<div class=\"elementor-widget-wrap elementor-element-populated\">\n\t\t\t\t\t\t<div class=\"elementor-element elementor-element-45325a9 elementor-button-align-stretch elementor-widget elementor-widget-form\" data-id=\"45325a9\" data-element_type=\"widget\" data-settings=\"{&quot;step_next_label&quot;:&quot;Next&quot;,&quot;step_previous_label&quot;:&quot;Previous&quot;,&quot;button_width&quot;:&quot;100&quot;,&quot;step_type&quot;:&quot;number_text&quot;,&quot;step_icon_shape&quot;:&quot;circle&quot;}\" data-widget_type=\"form.default\">\n\t\t\t\t<div class=\"elementor-widget-container\">\n\t\t\t\t\t\t\t<form class=\"elementor-form\" method=\"post\" name=\"New Form\" aria-label=\"New Form\" action=\"\">\n\t\t\t<input type=\"hidden\" name=\"post_id\" value=\"92\"\/>\n\t\t\t<input type=\"hidden\" name=\"form_id\" value=\"45325a9\"\/>\n\t\t\t<input type=\"hidden\" name=\"referer_title\" value=\"Contact Us\" \/>\n\n\t\t\t\t\t\t\t<input type=\"hidden\" name=\"queried_id\" value=\"92\"\/>\n\t\t\t\n\t\t\t<div class=\"elementor-form-fields-wrapper elementor-labels-above\">\n\t\t\t\t\t\t\t\t<div class=\"elementor-field-type-text elementor-field-group elementor-column elementor-field-group-name elementor-col-100\">\n\t\t\t\t\t\t\t\t\t\t\t\t<label for=\"form-field-name\" class=\"elementor-field-label\">\n\t\t\t\t\t\t\t\tName\t\t\t\t\t\t\t<\/label>\n\t\t\t\t\t\t\t\t\t\t\t\t\t\t<input size=\"1\" type=\"text\" name=\"form_fields[name]\" id=\"form-field-name\" class=\"elementor-field elementor-size-sm  elementor-field-textual\" placeholder=\"Name\">\n\t\t\t\t\t\t\t\t\t\t\t<\/div>\n\t\t\t\t\t\t\t\t<div class=\"elementor-field-type-email elementor-field-group elementor-column elementor-field-group-email elementor-col-100 elementor-field-required\">\n\t\t\t\t\t\t\t\t\t\t\t\t<label for=\"form-field-email\" class=\"elementor-field-label\">\n\t\t\t\t\t\t\t\tEmail\t\t\t\t\t\t\t<\/label>\n\t\t\t\t\t\t\t\t\t\t\t\t\t\t<input size=\"1\" type=\"email\" name=\"form_fields[email]\" id=\"form-field-email\" class=\"elementor-field elementor-size-sm  elementor-field-textual\" placeholder=\"Email\" required=\"required\">\n\t\t\t\t\t\t\t\t\t\t\t<\/div>\n\t\t\t\t\t\t\t\t<div class=\"elementor-field-type-textarea elementor-field-group elementor-column elementor-field-group-message elementor-col-100\">\n\t\t\t\t\t\t\t\t\t\t\t\t<label for=\"form-field-message\" class=\"elementor-field-label\">\n\t\t\t\t\t\t\t\tMessage\t\t\t\t\t\t\t<\/label>\n\t\t\t\t\t\t<textarea class=\"elementor-field-textual elementor-field  elementor-size-sm\" name=\"form_fields[message]\" id=\"form-field-message\" rows=\"4\" placeholder=\"Message\"><\/textarea>\t\t\t\t<\/div>\n\t\t\t\t\t\t\t\t<div class=\"elementor-field-group elementor-column elementor-field-type-submit elementor-col-100 e-form__buttons\">\n\t\t\t\t\t<button class=\"elementor-button elementor-size-sm\" type=\"submit\">\n\t\t\t\t\t\t<span class=\"elementor-button-content-wrapper\">\n\t\t\t\t\t\t\t\t\t\t\t\t\t\t\t\t\t\t\t\t\t\t<span class=\"elementor-button-text\">Send<\/span>\n\t\t\t\t\t\t\t\t\t\t\t\t\t<\/span>\n\t\t\t\t\t<\/button>\n\t\t\t\t<\/div>\n\t\t\t<\/div>\n\t\t<input type=\"hidden\" name=\"trp-form-language\" value=\"de\"\/><\/form>\n\t\t\t\t\t\t<\/div>\n\t\t\t\t<\/div>\n\t\t\t\t\t<\/div>\n\t\t<\/div>\n\t\t\t\t\t<\/div>\n\t\t<\/section>\n\t\t\t\t<\/div>","protected":false},"excerpt":{"rendered":"<p>Contact Us Home Contact Us Contact Us Get In Touch Any question, feedback or want to work with us? We\u2019d love to hear from you. Just fill out our contact form and we\u2019ll get back to you as soon as possible.<\/p>","protected":false},"author":2,"featured_media":0,"parent":0,"menu_order":0,"comment_status":"closed","ping_status":"closed","template":"elementor_header_footer","meta":{"footnotes":""},"class_list":["post-92","page","type-page","status-publish","hentry"],"_links":{"self":[{"href":"https:\/\/partypass.org\/de\/wp-json\/wp\/v2\/pages\/92","targetHints":{"allow":["GET"]}}],"collection":[{"href":"https:\/\/partypass.org\/de\/wp-json\/wp\/v2\/pages"}],"about":[{"href":"https:\/\/partypass.org\/de\/wp-json\/wp\/v2\/types\/page"}],"author":[{"embeddable":true,"href":"https:\/\/partypass.org\/de\/wp-json\/wp\/v2\/users\/2"}],"replies":[{"embeddable":true,"href":"https:\/\/partypass.org\/de\/wp-json\/wp\/v2\/comments?post=92"}],"version-history":[{"count":10,"href":"https:\/\/partypass.org\/de\/wp-json\/wp\/v2\/pages\/92\/revisions"}],"predecessor-version":[{"id":350,"href":"https:\/\/partypass.org\/de\/wp-json\/wp\/v2\/pages\/92\/revisions\/350"}],"wp:attachment":[{"href":"https:\/\/partypass.org\/de\/wp-json\/wp\/v2\/media?parent=92"}],"curies":[{"name":"wp","href":"https:\/\/api.w.org\/{rel}","templated":true}]}}